{"id":8343,"date":"2021-02-07T12:56:20","date_gmt":"2021-02-07T12:56:20","guid":{"rendered":"https:\/\/norbyfrolund.dk.185-210-177-22.wp06.comasys.dk\/?page_id=8343"},"modified":"2022-12-25T11:03:11","modified_gmt":"2022-12-25T11:03:11","slug":"kontakt","status":"publish","type":"page","link":"https:\/\/www.norbyfrolund.dk\/?page_id=8343","title":{"rendered":"Kontakt"},"content":{"rendered":"<p>[et_pb_section fb_built=&#8221;1&#8243; admin_label=&#8221;Stor header parallax med tekst&#8221; module_id=&#8221;0&#8243; _builder_version=&#8221;4.16&#8243; background_image=&#8221;https:\/\/www.norbyfrolund.dk\/wp-content\/uploads\/2021\/01\/hjk-2-scaled.jpg&#8221; min_height=&#8221;130px&#8221; height=&#8221;529px&#8221; height_tablet=&#8221;600px&#8221; height_phone=&#8221;400px&#8221; height_last_edited=&#8221;on|phone&#8221; filter_saturate=&#8221;0%&#8221; filter_brightness=&#8221;92%&#8221; background_last_edited=&#8221;on|desktop&#8221; background_image_tablet=&#8221;https:\/\/www.norbyfrolund.dk\/wp-content\/uploads\/2021\/01\/slider-header-top-banner-parallax-placeholder-6-tablet.jpg&#8221; background_image_phone=&#8221;https:\/\/www.norbyfrolund.dk\/wp-content\/uploads\/2021\/01\/slider-header-top-banner-parallax-placeholder-6-mobil.jpg&#8221; background_enable_image_tablet=&#8221;on&#8221; background_enable_image_phone=&#8221;on&#8221; parallax_tablet=&#8221;on&#8221; parallax_phone=&#8221;on&#8221; parallax_method_tablet=&#8221;off&#8221; parallax_method_phone=&#8221;off&#8221; background_enable_video_mp4_phone=&#8221;off&#8221; global_colors_info=&#8221;{}&#8221;][et_pb_row custom_padding_last_edited=&#8221;on|phone&#8221; _builder_version=&#8221;4.16&#8243; background_enable_color=&#8221;off&#8221; module_alignment=&#8221;center&#8221; min_height=&#8221;525px&#8221; height=&#8221;516px&#8221; custom_margin=&#8221;||8px||false|false&#8221; custom_padding=&#8221;8%||8%||true|false&#8221; custom_padding_tablet=&#8221;20%||20%||true|false&#8221; custom_padding_phone=&#8221;19%||19%||true|false&#8221; global_colors_info=&#8221;{}&#8221;][et_pb_column type=&#8221;4_4&#8243; _builder_version=&#8221;4.16&#8243; custom_padding=&#8221;||||false|false&#8221; global_colors_info=&#8221;{}&#8221;][et_pb_text _builder_version=&#8221;4.16&#8243; text_font=&#8221;Verdana|700|||||||&#8221; text_font_size=&#8221;46px&#8221; text_letter_spacing=&#8221;1px&#8221; transform_scale=&#8221;92%|92%&#8221; text_orientation=&#8221;center&#8221; background_layout=&#8221;dark&#8221; min_height=&#8221;393px&#8221; custom_margin=&#8221;||0px||false|false&#8221; text_font_size_tablet=&#8221;38px&#8221; text_font_size_phone=&#8221;32px&#8221; text_font_size_last_edited=&#8221;on|desktop&#8221; text_text_shadow_style=&#8221;preset2&#8243; text_text_shadow_color=&#8221;#000000&#8243; global_colors_info=&#8221;{}&#8221;]<\/p>\n<p style=\"text-align: center;\">Kontaktoplysninger<\/p>\n<p>&nbsp;<\/p>\n<h2>&#8211; send os en besked<\/h2>\n<p>[\/et_pb_text][\/et_pb_column][\/et_pb_row][\/et_pb_section][et_pb_section fb_built=&#8221;1&#8243; _builder_version=&#8221;4.16&#8243; _module_preset=&#8221;default&#8221; min_height=&#8221;502.1px&#8221; height=&#8221;398px&#8221; custom_margin=&#8221;||1px||false|false&#8221; custom_padding=&#8221;||2px||false|false&#8221; global_colors_info=&#8221;{}&#8221;][et_pb_row column_structure=&#8221;1_2,1_2&#8243; _builder_version=&#8221;4.16&#8243; _module_preset=&#8221;default&#8221; global_colors_info=&#8221;{}&#8221;][et_pb_column type=&#8221;1_2&#8243; _builder_version=&#8221;4.16&#8243; _module_preset=&#8221;default&#8221; global_colors_info=&#8221;{}&#8221;][et_pb_text _builder_version=&#8221;4.16&#8243; _module_preset=&#8221;default&#8221; global_colors_info=&#8221;{}&#8221;]<\/p>\n<h1><strong>Hvem er vi?<\/strong><\/h1>\n<p><span>Psykologerne N\u00f8rby &amp; Fr\u00f8lund repr\u00e6senterer en bred vifte af viden indenfor det kliniske, det neuropsykologiske og det arbejdspsykologiske felt.<\/span><br \/><span>\u00a0<\/span><br \/><span>Vi holder os ajour med udviklingen p\u00e5 arbejdsmarkedet og baserer vores udredninger p\u00e5 den nyeste forskning indenfor de ovenn\u00e6vnte omr\u00e5der.<\/span><br \/><span>\u00a0<\/span><br \/><span>Vi samarbejder med en lang r\u00e6kke jobcentre og laver erkl\u00e6ringer for private og for forsikringsselskaber og flere styrelser.<\/span><\/p>\n<p><span><img loading=\"lazy\" decoding=\"async\" src=\"https:\/\/www.norbyfrolund.dk\/wp-content\/uploads\/2021\/02\/image-800x50x72x60-657242361463990802-kk-300x19.png\" width=\"355\" height=\"23\" alt=\"\" class=\"wp-image-8217 alignnone size-medium\" \/><\/span><\/p>\n<p>[\/et_pb_text][\/et_pb_column][et_pb_column type=&#8221;1_2&#8243; _builder_version=&#8221;4.16&#8243; _module_preset=&#8221;default&#8221; global_colors_info=&#8221;{}&#8221;][et_pb_text _builder_version=&#8221;4.16&#8243; _module_preset=&#8221;default&#8221; global_colors_info=&#8221;{}&#8221;]<\/p>\n<h2 style=\"text-align: center;\">ADRESSE<\/h2>\n<div class=\"clearfix clearfix-20\" style=\"text-align: center;\"><\/div>\n<div class=\"content3\" style=\"text-align: center;\">\n<p>&nbsp;<\/p>\n<p>N\u00f8rby &amp; Fr\u00f8lund<br \/>S\u00f8ndergade (Str\u00f8get) 8, 1.<br \/>8000 \u00c5rhus C.<\/p>\n<p>Tlf. 26 16 95 35 \/ 26 16 95 36<\/p>\n<p>Email: jette.jepsen@me.com\u00a0<\/div>\n<p>[\/et_pb_text][\/et_pb_column][\/et_pb_row][\/et_pb_section]<\/p>\n","protected":false},"excerpt":{"rendered":"<p>Kontaktoplysninger &nbsp; &#8211; send os en beskedHvem er vi? Psykologerne N\u00f8rby &amp; Fr\u00f8lund repr\u00e6senterer en bred vifte af viden indenfor det kliniske, det neuropsykologiske og det arbejdspsykologiske felt.\u00a0Vi holder os ajour med udviklingen p\u00e5 arbejdsmarkedet og baserer vores udredninger p\u00e5 den nyeste forskning indenfor de ovenn\u00e6vnte omr\u00e5der.\u00a0Vi samarbejder med en lang r\u00e6kke jobcentre og laver [&hellip;]<\/p>\n","protected":false},"author":1,"featured_media":0,"parent":0,"menu_order":0,"comment_status":"closed","ping_status":"closed","template":"","meta":{"_et_pb_use_builder":"on","_et_pb_old_content":"","_et_gb_content_width":"","footnotes":""},"_links":{"self":[{"href":"https:\/\/www.norbyfrolund.dk\/index.php?rest_route=\/wp\/v2\/pages\/8343"}],"collection":[{"href":"https:\/\/www.norbyfrolund.dk\/index.php?rest_route=\/wp\/v2\/pages"}],"about":[{"href":"https:\/\/www.norbyfrolund.dk\/index.php?rest_route=\/wp\/v2\/types\/page"}],"author":[{"embeddable":true,"href":"https:\/\/www.norbyfrolund.dk\/index.php?rest_route=\/wp\/v2\/users\/1"}],"replies":[{"embeddable":true,"href":"https:\/\/www.norbyfrolund.dk\/index.php?rest_route=%2Fwp%2Fv2%2Fcomments&post=8343"}],"version-history":[{"count":4,"href":"https:\/\/www.norbyfrolund.dk\/index.php?rest_route=\/wp\/v2\/pages\/8343\/revisions"}],"predecessor-version":[{"id":8372,"href":"https:\/\/www.norbyfrolund.dk\/index.php?rest_route=\/wp\/v2\/pages\/8343\/revisions\/8372"}],"wp:attachment":[{"href":"https:\/\/www.norbyfrolund.dk\/index.php?rest_route=%2Fwp%2Fv2%2Fmedia&parent=8343"}],"curies":[{"name":"wp","href":"https:\/\/api.w.org\/{rel}","templated":true}]}}