{"id":8336,"date":"2021-02-07T12:50:36","date_gmt":"2021-02-07T12:50:36","guid":{"rendered":"https:\/\/norbyfrolund.dk.185-210-177-22.wp06.comasys.dk\/?page_id=8336"},"modified":"2023-12-15T10:51:07","modified_gmt":"2023-12-15T10:51:07","slug":"priser","status":"publish","type":"page","link":"https:\/\/www.norbyfrolund.dk\/?page_id=8336","title":{"rendered":"Priser"},"content":{"rendered":"<p>[et_pb_section fb_built=&#8221;1&#8243; _builder_version=&#8221;4.16&#8243; _module_preset=&#8221;default&#8221; global_colors_info=&#8221;{}&#8221;][et_pb_row column_structure=&#8221;1_2,1_2&#8243; _builder_version=&#8221;4.19.4&#8243; _module_preset=&#8221;default&#8221; custom_padding=&#8221;34px||28px|||&#8221; global_colors_info=&#8221;{}&#8221;][et_pb_column type=&#8221;1_2&#8243; _builder_version=&#8221;4.19.4&#8243; _module_preset=&#8221;default&#8221; global_colors_info=&#8221;{}&#8221;][\/et_pb_column][et_pb_column type=&#8221;1_2&#8243; _builder_version=&#8221;4.19.4&#8243; _module_preset=&#8221;default&#8221; global_colors_info=&#8221;{}&#8221;][et_pb_text _builder_version=&#8221;4.16&#8243; _module_preset=&#8221;default&#8221; custom_padding=&#8221;|||0px||&#8221; global_colors_info=&#8221;{}&#8221;]<\/p>\n<h1><strong>PRISER<\/strong><\/h1>\n<p>\u00a0<span class=\"almTekst\"><strong>NEUROPSYKOLOGISK ERKL\u00c6RING: 10.500 kr. + MOMS<\/strong><\/span><\/p>\n<p>I den neuropsykologiske unders\u00f8gelse foretages de tests der, ud fra sagsakterne og efter samtale med borger, sk\u00f8nnes n\u00f8dvendige. P\u00e5 baggrund af unders\u00f8gelsens resultater stilles eventuelle diagnoser og resultaterne tolkes fra et arbejdsmarkeds- eller studieperspektiv. Endvidere peges der, hvor det er muligt, p\u00e5 hvilke fremtidige tiltag der kan underst\u00f8tte udvikling af borgers ressourcer.<\/p>\n<p><strong>NEUROPSYKOLOGISK ERKL\u00c6RING MED TOLK: 15.000 KR. + MOMS<\/strong><\/p>\n<p>Det er afg\u00f8rende, at borger forst\u00e5r og taler dansk indg\u00e5ende. Er dette ikke tilf\u00e6ldet, skal der bruges tolk ved unders\u00f8gelsen. Det er rekvirentens opgave, at tr\u00e6ffe aftale med tolk. Der skal afs\u00e6ttes ca. 3 timer.<\/p>\n<p>Familiemedlemmer m\u00e5 IKKE deltage som tolk.<\/p>\n<p>Vi arbejder IKKE med telefon- eller videotolkning.<\/p>\n<p><span class=\"almTekst\"><strong>ARBEJDS-\/FORSIKRINGSPSYKOLOGISK ERKL\u00c6RING 15.000 kr. kr. + moms<\/strong><\/span><\/p>\n<p>Den arbejds- eller forsikringspsykologiske unders\u00f8gelse kan indbefatte s\u00e5vel unders\u00f8gelse af stress, hoved-\/kranietraumer, udredning af toksisk p\u00e5virkning (fx opl\u00f8sningsmidler og tungmetaller) p\u00e5 arbejdspladsen, som el-ulykker<span class=\"almTekst\"><strong><\/strong><\/span><\/p>\n<p><span class=\"almTekst\"><strong><\/strong><\/span><\/p>\n<p><strong style=\"font-size: 16px;\">TILBAGEMELDING P\u00c5 ERKL\u00c6RINGER: 3100 kr. + moms<\/strong><\/p>\n<p>Tilbagemeldingsm\u00f8det varer en time, og der kan deltage op til 3 personer, inklusive borger.\u00a0<strong style=\"font-size: 16px;\"><\/strong><\/p>\n<p style=\"text-align: left;\"><strong><em>PRIS FOR UDEBLIVELSE\/AFBUD OP TIL TO HVERDAGE F\u00d8R UNDERS\u00d8GELSESDATO<\/em><\/strong><\/p>\n<p>Udeblivelse fra unders\u00f8gelse\/melder ikke afbud indenfor tidsfristen, er prisen 1\/4 af erkl\u00e6ringsprisen.<\/p>\n<p>Ved eventuel 2. udeblivelse\/for sent afbud betales fuld erkl\u00e6ringspris.<\/p>\n<p><strong style=\"font-size: 16px;\"><\/strong><\/p>\n<p>[\/et_pb_text][\/et_pb_column][\/et_pb_row][\/et_pb_section]<\/p>\n","protected":false},"excerpt":{"rendered":"<p>PRISER \u00a0NEUROPSYKOLOGISK ERKL\u00c6RING: 10.500 kr. + MOMS I den neuropsykologiske unders\u00f8gelse foretages de tests der, ud fra sagsakterne og efter samtale med borger, sk\u00f8nnes n\u00f8dvendige. P\u00e5 baggrund af unders\u00f8gelsens resultater stilles eventuelle diagnoser og resultaterne tolkes fra et arbejdsmarkeds- eller studieperspektiv. Endvidere peges der, hvor det er muligt, p\u00e5 hvilke fremtidige tiltag der kan underst\u00f8tte [&hellip;]<\/p>\n","protected":false},"author":1,"featured_media":0,"parent":0,"menu_order":0,"comment_status":"closed","ping_status":"closed","template":"","meta":{"_et_pb_use_builder":"on","_et_pb_old_content":"","_et_gb_content_width":"","footnotes":""},"_links":{"self":[{"href":"https:\/\/www.norbyfrolund.dk\/index.php?rest_route=\/wp\/v2\/pages\/8336"}],"collection":[{"href":"https:\/\/www.norbyfrolund.dk\/index.php?rest_route=\/wp\/v2\/pages"}],"about":[{"href":"https:\/\/www.norbyfrolund.dk\/index.php?rest_route=\/wp\/v2\/types\/page"}],"author":[{"embeddable":true,"href":"https:\/\/www.norbyfrolund.dk\/index.php?rest_route=\/wp\/v2\/users\/1"}],"replies":[{"embeddable":true,"href":"https:\/\/www.norbyfrolund.dk\/index.php?rest_route=%2Fwp%2Fv2%2Fcomments&post=8336"}],"version-history":[{"count":12,"href":"https:\/\/www.norbyfrolund.dk\/index.php?rest_route=\/wp\/v2\/pages\/8336\/revisions"}],"predecessor-version":[{"id":8419,"href":"https:\/\/www.norbyfrolund.dk\/index.php?rest_route=\/wp\/v2\/pages\/8336\/revisions\/8419"}],"wp:attachment":[{"href":"https:\/\/www.norbyfrolund.dk\/index.php?rest_route=%2Fwp%2Fv2%2Fmedia&parent=8336"}],"curies":[{"name":"wp","href":"https:\/\/api.w.org\/{rel}","templated":true}]}}