{"id":8324,"date":"2021-02-07T12:45:15","date_gmt":"2021-02-07T12:45:15","guid":{"rendered":"https:\/\/norbyfrolund.dk.185-210-177-22.wp06.comasys.dk\/?page_id=8324"},"modified":"2023-01-06T15:49:25","modified_gmt":"2023-01-06T15:49:25","slug":"hvem-indkalder-borgeren","status":"publish","type":"page","link":"https:\/\/www.norbyfrolund.dk\/?page_id=8324","title":{"rendered":"Hvem indkalder borgeren?"},"content":{"rendered":"<p>[et_pb_section fb_built=&#8221;1&#8243; _builder_version=&#8221;4.16&#8243; _module_preset=&#8221;default&#8221; global_colors_info=&#8221;{}&#8221;][et_pb_row column_structure=&#8221;1_2,1_2&#8243; _builder_version=&#8221;4.16&#8243; _module_preset=&#8221;default&#8221; custom_padding=&#8221;|||4px||&#8221; global_colors_info=&#8221;{}&#8221;][et_pb_column type=&#8221;1_2&#8243; _builder_version=&#8221;4.19.4&#8243; _module_preset=&#8221;default&#8221; global_colors_info=&#8221;{}&#8221;][\/et_pb_column][et_pb_column type=&#8221;1_2&#8243; _builder_version=&#8221;4.16&#8243; _module_preset=&#8221;default&#8221; global_colors_info=&#8221;{}&#8221;][et_pb_text _builder_version=&#8221;4.19.4&#8243; _module_preset=&#8221;default&#8221; global_colors_info=&#8221;{}&#8221;]<\/p>\n<h1><strong>BESTILLING AF UNDERS\u00d8GELSE<\/strong><\/h1>\n<h1>Er du i tvivl om noget vedr\u00f8rende en unders\u00f8gelse, er du altid velkommen til at kontakte os p\u00e5 forh\u00e5nd. En afklarende snak er til gavn for unders\u00f8gelsen og snakken er vederlagsfri.\u00a0<strong><\/strong><\/h1>\n<p>Hvis du bestiller en unders\u00f8gelse hos os, skal sagsakterne fremsendes, inden du kan f\u00e5 en unders\u00f8gelsestid. Du modtager indkaldelsen af borger, n\u00e5r vi har modtaget sagsakterne. <strong>F\u00f8lgende sagsakter skal medsendes:<\/strong><\/p>\n<ul>\n<li>Sagsresum\u00e9 hvor sagsbehandler opsummerer problemstillinger og beskriver, hvad der \u00f8nskes unders\u00f8gt for. Hvis der er dage borger ikke kan komme, bedes dette noteret i sagsresum\u00e9et.<\/li>\n<li>Socialfaglig anamnese: borger skal v\u00e6re beskrevet fra en socialfaglig vinkel; hvorledes har borgers liv v\u00e6ret? Hvilken familie er borger f\u00f8dt og opvokset i\/evt. problemer i familien? Borgers psykiske, fysiske og sociale trivsel og funktion i familien, skolen, fritiden og under evt. uddannelsesforl\u00f8b. Den socialfaglige anamnese udg\u00f8r kernen i vores unders\u00f8gelse. Hvis der ikke foreligger en socialfaglig beskrivelse, skal en s\u00e5dan udarbejdes, f\u00f8r vi kan indkalde borger. Skulle s\u00e6rlige forhold betyde, at en s\u00e5dan beskrivelse ikke kan laves af de socialfaglige medarbejdere kan vi, undtagelsesvist og mod en merpris p\u00e5 5000 kr., udf\u00e6rdige beskrivelsen. Den samlede pris p\u00e5 unders\u00f8gelsen bliver s\u00e5ledes 15.100 kr. + moms.<\/li>\n<li><span style=\"font-size: 16px;\">L\u00e6gelige sagsakter\/fra sygehuset\/psykiatriske unders\u00f8gelser.<\/span><\/li>\n<li>Beskrivelser fra evt. praktikforl\u00f8b.<\/li>\n<\/ul>\n<p>&nbsp;<\/p>\n<p>Endvidere er det VIGTIGT at f\u00f8lgende fremg\u00e5r af anmodningsskrivelsen:<\/p>\n<ul>\n<li><span>Rekvirentens\/jobcentrets EAN-nummer og adresse<\/span><\/li>\n<li>Rekvirentens\/sagsbehandlers telefonnummer og mailadresse<span><\/span><\/li>\n<li><span>Borgerens navn, adresse, cpr.nr. og telefonnummer<\/span><\/li>\n<\/ul>\n<h1><strong><\/strong><\/h1>\n<h1><strong><\/strong><\/h1>\n<h1><strong>INDKALDELSE BORGER<\/strong><\/h1>\n<h3>Den hurtigste m\u00e5de at f\u00e5 en unders\u00f8gelsestid, er ved at sende anmodning og sagsakter til os via e-boks, til CVR nummer 30 12 62 38. Efter modtagelse sender vi en indkaldelse af borger tilbage til sagsbehandler. Det er sagsbehandler, som skal sende indkaldelsen videre til borger. Det m\u00e5 vi ikke, da vi ikke er en myndighed.<span><\/span><\/h3>\n<p>S\u00e5fremt borger tidligere har vist sig usikker i forhold til overholdelse af aftaler, skal jobcentret sikre sig, at borger f\u00f8lges til unders\u00f8gelsen.<\/p>\n<p><span style=\"font-size: 16px;\">Vi \u2019\u2019tr\u00e6ffes\u2019\u2019 ogs\u00e5 p\u00e5 speciall\u00e6ge- og psykologdatabasen www.mediconnect.dk. Der er kortest ventetid p\u00e5 de sager der, i Mediconnect, er markeret som \u2019\u2019personlig anmodning\u2019\u2019 (kun sendt til os).\u00a0<\/span><\/p>\n<p>Det er ogs\u00e5 muligt at sende anmodning og sagsakter til os med posten.<br \/><span>\u00a0<\/span><\/p>\n<h3><span style=\"font-size: medium;\"><strong>HURTIG UDREDNING<\/strong><\/span><\/h3>\n<p><span>I forhold til de unders\u00f8gelser hvor det er os, som indkalder borgeren, sker indkaldelsen indenfor f\u00e5 dage efter modtagelse af sagsakter. Unders\u00f8gelsen varer 2-2\u00bd time. S\u00e5fremt vores ventetid overskrider 5 uger, vil vi kontakte sagsbehandler for at h\u00f8re, om man fortsat \u00f8nsker unders\u00f8gelsen foretaget hos os. Erkl\u00e6ringen fremsendes senest 10 dage efter konsultationen.\u00a0<\/span><br \/><span>\u00a0<\/span><\/p>\n<p>&nbsp;<\/p>\n<p>[\/et_pb_text][\/et_pb_column][\/et_pb_row][\/et_pb_section]<\/p>\n","protected":false},"excerpt":{"rendered":"<p>BESTILLING AF UNDERS\u00d8GELSE Er du i tvivl om noget vedr\u00f8rende en unders\u00f8gelse, er du altid velkommen til at kontakte os p\u00e5 forh\u00e5nd. En afklarende snak er til gavn for unders\u00f8gelsen og snakken er vederlagsfri.\u00a0 Hvis du bestiller en unders\u00f8gelse hos os, skal sagsakterne fremsendes, inden du kan f\u00e5 en unders\u00f8gelsestid. Du modtager indkaldelsen af borger, [&hellip;]<\/p>\n","protected":false},"author":1,"featured_media":0,"parent":0,"menu_order":0,"comment_status":"closed","ping_status":"closed","template":"","meta":{"_et_pb_use_builder":"on","_et_pb_old_content":"","_et_gb_content_width":"","footnotes":""},"_links":{"self":[{"href":"https:\/\/www.norbyfrolund.dk\/index.php?rest_route=\/wp\/v2\/pages\/8324"}],"collection":[{"href":"https:\/\/www.norbyfrolund.dk\/index.php?rest_route=\/wp\/v2\/pages"}],"about":[{"href":"https:\/\/www.norbyfrolund.dk\/index.php?rest_route=\/wp\/v2\/types\/page"}],"author":[{"embeddable":true,"href":"https:\/\/www.norbyfrolund.dk\/index.php?rest_route=\/wp\/v2\/users\/1"}],"replies":[{"embeddable":true,"href":"https:\/\/www.norbyfrolund.dk\/index.php?rest_route=%2Fwp%2Fv2%2Fcomments&post=8324"}],"version-history":[{"count":6,"href":"https:\/\/www.norbyfrolund.dk\/index.php?rest_route=\/wp\/v2\/pages\/8324\/revisions"}],"predecessor-version":[{"id":8406,"href":"https:\/\/www.norbyfrolund.dk\/index.php?rest_route=\/wp\/v2\/pages\/8324\/revisions\/8406"}],"wp:attachment":[{"href":"https:\/\/www.norbyfrolund.dk\/index.php?rest_route=%2Fwp%2Fv2%2Fmedia&parent=8324"}],"curies":[{"name":"wp","href":"https:\/\/api.w.org\/{rel}","templated":true}]}}